{"id":35,"date":"2023-12-08T10:32:18","date_gmt":"2023-12-08T10:32:18","guid":{"rendered":"https:\/\/energyxcell.de\/home\/?page_id=35"},"modified":"2024-12-23T06:01:15","modified_gmt":"2024-12-23T06:01:15","slug":"home","status":"publish","type":"page","link":"https:\/\/energyxcell.de\/wp\/","title":{"rendered":"Home"},"content":{"rendered":"\n<div class=\"wp-block-media-text has-media-on-the-right is-stacked-on-mobile\" style=\"grid-template-columns:auto 41%\"><div class=\"wp-block-media-text__content\">\n<p><strong><em>Willkommen bei EnergyXCell GmbH<\/em><\/strong><\/p>\n\n\n\n<p>Wir sind ein junges Unternehmen im Bereich Batterietesting und bieten eine breite Palette von Dienstleistungen f\u00fcr ihr Projekt. Mit unserer langj\u00e4hrigen Expertise und innovativen Technologien garantieren wir Ihnen zuverl\u00e4ssige, kostenoptimierte und genaue Testergebnisse, um die Leistung, Sicherheit und Haltbarkeit Ihrer Batterien zu optimieren.<\/p>\n<\/div><figure class=\"wp-block-media-text__media\"><img decoding=\"async\" src=\"https:\/\/energyxcell.de\/wp\/wp-content\/uploads\/2024\/01\/iStock-1198227851.jpg\" alt=\"\" class=\"wp-image-309 size-full\"\/><\/figure><\/div>\n\n\n\n<div class=\"wp-block-media-text is-stacked-on-mobile\" style=\"grid-template-columns:39% auto\"><figure class=\"wp-block-media-text__media\"><img loading=\"lazy\" decoding=\"async\" width=\"1024\" height=\"771\" src=\"https:\/\/energyxcell.de\/wp\/wp-content\/uploads\/2024\/01\/testcell-1-1024x771.jpg\" alt=\"\" class=\"wp-image-169 size-full\" srcset=\"https:\/\/energyxcell.de\/wp\/wp-content\/uploads\/2024\/01\/testcell-1-1024x771.jpg 1024w, https:\/\/energyxcell.de\/wp\/wp-content\/uploads\/2024\/01\/testcell-1-300x226.jpg 300w, https:\/\/energyxcell.de\/wp\/wp-content\/uploads\/2024\/01\/testcell-1-768x578.jpg 768w, https:\/\/energyxcell.de\/wp\/wp-content\/uploads\/2024\/01\/testcell-1-1536x1157.jpg 1536w, https:\/\/energyxcell.de\/wp\/wp-content\/uploads\/2024\/01\/testcell-1.jpg 2040w\" sizes=\"auto, (max-width: 1024px) 100vw, 1024px\" \/><\/figure><div class=\"wp-block-media-text__content\">\n<p>Wir, die EnergyXCell GmbH arbeiten engagiert daran, Ihnen die bestm\u00f6gliche L\u00f6sung f\u00fcr Ihre spezifischen Anforderungen zu bieten. Von der Durchf\u00fchrung einfacher Batterietests bis hin zu komplexen Sonderl\u00f6sungen liefern wir Ihnen detaillierte Berichte und Empfehlungen, um sicherzustellen, dass Ihre Komponenten zuverl\u00e4ssig, sicher und effizient arbeiten.<\/p>\n\n\n\n<p><strong><em>EnergyXCell &#8211; Solutions for your Battery<\/em><\/strong><\/p>\n<\/div><\/div>\n","protected":false},"excerpt":{"rendered":"<p>Willkommen bei EnergyXCell GmbH Wir sind ein junges Unternehmen im Bereich Batterietesting und bieten eine breite Palette von Dienstleistungen f\u00fcr ihr Projekt. Mit unserer langj\u00e4hrigen Expertise und innovativen Technologien garantieren wir Ihnen zuverl\u00e4ssige, kostenoptimierte und genaue Testergebnisse, um die Leistung, Sicherheit und Haltbarkeit Ihrer Batterien zu optimieren. Wir, die EnergyXCell GmbH arbeiten engagiert daran, Ihnen [&hellip;]<\/p>\n","protected":false},"author":1,"featured_media":0,"parent":0,"menu_order":1,"comment_status":"closed","ping_status":"closed","template":"","meta":{"footnotes":""},"class_list":["post-35","page","type-page","status-publish","hentry","post"],"_links":{"self":[{"href":"https:\/\/energyxcell.de\/wp\/wp-json\/wp\/v2\/pages\/35","targetHints":{"allow":["GET"]}}],"collection":[{"href":"https:\/\/energyxcell.de\/wp\/wp-json\/wp\/v2\/pages"}],"about":[{"href":"https:\/\/energyxcell.de\/wp\/wp-json\/wp\/v2\/types\/page"}],"author":[{"embeddable":true,"href":"https:\/\/energyxcell.de\/wp\/wp-json\/wp\/v2\/users\/1"}],"replies":[{"embeddable":true,"href":"https:\/\/energyxcell.de\/wp\/wp-json\/wp\/v2\/comments?post=35"}],"version-history":[{"count":28,"href":"https:\/\/energyxcell.de\/wp\/wp-json\/wp\/v2\/pages\/35\/revisions"}],"predecessor-version":[{"id":325,"href":"https:\/\/energyxcell.de\/wp\/wp-json\/wp\/v2\/pages\/35\/revisions\/325"}],"wp:attachment":[{"href":"https:\/\/energyxcell.de\/wp\/wp-json\/wp\/v2\/media?parent=35"}],"curies":[{"name":"wp","href":"https:\/\/api.w.org\/{rel}","templated":true}]}}